{"id":1308,"date":"2026-02-25T14:25:56","date_gmt":"2026-02-25T14:25:56","guid":{"rendered":"https:\/\/www.fritzkohle.de\/?page_id=1308"},"modified":"2026-02-25T14:25:59","modified_gmt":"2026-02-25T14:25:59","slug":"federica-carbon-salsa","status":"publish","type":"page","link":"https:\/\/www.fritzkohle.de\/?page_id=1308","title":{"rendered":"Federica Carbon &#8211; Salsa"},"content":{"rendered":"\n<p> <\/p>\n\n\n<div class=\"wp-block-image\">\n<figure class=\"aligncenter size-full is-resized\"><img decoding=\"async\" src=\"data:image\/gif;base64,R0lGODlhAQABAIAAAAAAAP\/\/\/yH5BAEAAAAALAAAAAABAAEAAAIBRAA7\" data-src=\"https:\/\/www.fritzkohle.de\/wp-content\/uploads\/2026\/02\/image-3.png\" alt=\"Fritz Kohle\" class=\"wp-image-1312 lazyload\" style=\"width:323px;height:auto\" title=\"Fritz Kohle\" \/><noscript><img decoding=\"async\" width=\"1024\" height=\"1024\" src=\"https:\/\/www.fritzkohle.de\/wp-content\/uploads\/2026\/02\/image-3.png\" alt=\"Fritz Kohle\" class=\"wp-image-1312 lazyload\" style=\"width:323px;height:auto\" srcset=\"https:\/\/www.fritzkohle.de\/wp-content\/uploads\/2026\/02\/image-3.png 1024w, https:\/\/www.fritzkohle.de\/wp-content\/uploads\/2026\/02\/image-3-300x300.png 300w, https:\/\/www.fritzkohle.de\/wp-content\/uploads\/2026\/02\/image-3-150x150.png 150w, https:\/\/www.fritzkohle.de\/wp-content\/uploads\/2026\/02\/image-3-768x768.png 768w, https:\/\/www.fritzkohle.de\/wp-content\/uploads\/2026\/02\/image-3-100x100.png 100w\" sizes=\"(max-width: 767px) 89vw, (max-width: 1000px) 54vw, (max-width: 1071px) 543px, 580px\" title=\"Fritz Kohle\" \/><\/noscript><\/figure>\n<\/div>\n\n\n<p>Se siente el vapor subiendo por la pared<\/p>\n\n\n\n<figure class=\"wp-block-audio\"><audio controls src=\"https:\/\/www.fritzkohle.de\/wp-content\/uploads\/2026\/02\/Se-siente-el-vapor-subiendo-por-la-pared.mp3\"><\/audio><\/figure>\n\n\n\n<p>Cambi\u00e9 un diamante puro por un vidrio de<\/p>\n\n\n\n<figure class=\"wp-block-audio\"><audio controls src=\"https:\/\/www.fritzkohle.de\/wp-content\/uploads\/2026\/02\/Cambie-un-diamante-puro-por-un-vidrio-de.mp3\"><\/audio><\/figure>\n\n\n\n<p>A no me quedan l\u00e1grimas, se las bebi\u00f3 el<\/p>\n\n\n\n<figure class=\"wp-block-audio\"><audio controls src=\"https:\/\/www.fritzkohle.de\/wp-content\/uploads\/2026\/02\/a-no-me-quedan-lagrimas-se-las-bebio-el.mp3\"><\/audio><\/figure>\n\n\n\n<p>Tengo de donde el sol no saluda<\/p>\n\n\n\n<figure class=\"wp-block-audio\"><audio controls src=\"https:\/\/www.fritzkohle.de\/wp-content\/uploads\/2026\/02\/engo-de-donde-el-sol-no-saluda-solo-que.mp3\"><\/audio><\/figure>\n\n\n\n<p><\/p>\n","protected":false},"excerpt":{"rendered":"<p>Se siente el vapor subiendo por la pared Cambi\u00e9 un diamante puro por un vidrio de A no me quedan l\u00e1grimas, se las bebi\u00f3 el Tengo de donde el sol no saluda<\/p>\n","protected":false},"author":1,"featured_media":0,"parent":0,"menu_order":0,"comment_status":"closed","ping_status":"closed","template":"","meta":{"_monsterinsights_skip_tracking":false,"_monsterinsights_sitenote_active":false,"_monsterinsights_sitenote_note":"","_monsterinsights_sitenote_category":0,"footnotes":""},"class_list":["post-1308","page","type-page","status-publish","hentry"],"aioseo_notices":[],"_links":{"self":[{"href":"https:\/\/www.fritzkohle.de\/index.php?rest_route=\/wp\/v2\/pages\/1308","targetHints":{"allow":["GET"]}}],"collection":[{"href":"https:\/\/www.fritzkohle.de\/index.php?rest_route=\/wp\/v2\/pages"}],"about":[{"href":"https:\/\/www.fritzkohle.de\/index.php?rest_route=\/wp\/v2\/types\/page"}],"author":[{"embeddable":true,"href":"https:\/\/www.fritzkohle.de\/index.php?rest_route=\/wp\/v2\/users\/1"}],"replies":[{"embeddable":true,"href":"https:\/\/www.fritzkohle.de\/index.php?rest_route=%2Fwp%2Fv2%2Fcomments&post=1308"}],"version-history":[{"count":2,"href":"https:\/\/www.fritzkohle.de\/index.php?rest_route=\/wp\/v2\/pages\/1308\/revisions"}],"predecessor-version":[{"id":1325,"href":"https:\/\/www.fritzkohle.de\/index.php?rest_route=\/wp\/v2\/pages\/1308\/revisions\/1325"}],"wp:attachment":[{"href":"https:\/\/www.fritzkohle.de\/index.php?rest_route=%2Fwp%2Fv2%2Fmedia&parent=1308"}],"curies":[{"name":"wp","href":"https:\/\/api.w.org\/{rel}","templated":true}]}}